{"id":9311,"date":"2025-11-13T11:03:39","date_gmt":"2025-11-13T10:03:39","guid":{"rendered":"https:\/\/www.verescence.com\/conditions-generales-dachat\/"},"modified":"2025-11-13T12:04:05","modified_gmt":"2025-11-13T11:04:05","slug":"general-purchasing-terms-and-conditions","status":"publish","type":"page","link":"https:\/\/www.verescence.com\/en\/general-purchasing-terms-and-conditions\/","title":{"rendered":"General Purchasing Terms and Conditions"},"content":{"rendered":"","protected":false},"excerpt":{"rendered":"","protected":false},"author":7,"featured_media":0,"parent":0,"menu_order":0,"comment_status":"closed","ping_status":"closed","template":"","meta":{"_acf_changed":false},"class_list":["post-9311","page","type-page","status-publish","hentry"],"acf":[],"yoast_head":"<!-- This site is optimized with the Yoast SEO plugin v27.2 - https:\/\/yoast.com\/product\/yoast-seo-wordpress\/ -->\n<title>General Purchasing Terms and Conditions | Verescence<\/title>\n<meta name=\"description\" content=\"D\u00e9couvrez les Conditions G\u00e9n\u00e9rales d\u2019Achat de Verescence\" \/>\n<meta name=\"robots\" content=\"index, follow, max-snippet:-1, max-image-preview:large, max-video-preview:-1\" \/>\n<link rel=\"canonical\" href=\"https:\/\/www.verescence.com\/en\/general-purchasing-terms-and-conditions\/\" \/>\n<meta property=\"og:locale\" content=\"en_US\" \/>\n<meta property=\"og:type\" content=\"article\" \/>\n<meta property=\"og:title\" content=\"General Purchasing Terms and Conditions | Verescence\" \/>\n<meta property=\"og:description\" content=\"D\u00e9couvrez les Conditions G\u00e9n\u00e9rales d\u2019Achat de Verescence\" \/>\n<meta property=\"og:url\" content=\"https:\/\/www.verescence.com\/en\/general-purchasing-terms-and-conditions\/\" \/>\n<meta property=\"og:site_name\" content=\"Verescence\" \/>\n<meta property=\"article:modified_time\" content=\"2025-11-13T11:04:05+00:00\" \/>\n<meta name=\"twitter:card\" content=\"summary_large_image\" \/>\n<script type=\"application\/ld+json\" class=\"yoast-schema-graph\">{\"@context\":\"https:\/\/schema.org\",\"@graph\":[{\"@type\":\"WebPage\",\"@id\":\"https:\/\/www.verescence.com\/en\/general-purchasing-terms-and-conditions\/\",\"url\":\"https:\/\/www.verescence.com\/en\/general-purchasing-terms-and-conditions\/\",\"name\":\"General Purchasing Terms and Conditions | Verescence\",\"isPartOf\":{\"@id\":\"https:\/\/www.verescence.com\/en\/#website\"},\"datePublished\":\"2025-11-13T10:03:39+00:00\",\"dateModified\":\"2025-11-13T11:04:05+00:00\",\"description\":\"D\u00e9couvrez les Conditions G\u00e9n\u00e9rales d\u2019Achat de Verescence\",\"breadcrumb\":{\"@id\":\"https:\/\/www.verescence.com\/en\/general-purchasing-terms-and-conditions\/#breadcrumb\"},\"inLanguage\":\"en-US\",\"potentialAction\":[{\"@type\":\"ReadAction\",\"target\":[\"https:\/\/www.verescence.com\/en\/general-purchasing-terms-and-conditions\/\"]}]},{\"@type\":\"BreadcrumbList\",\"@id\":\"https:\/\/www.verescence.com\/en\/general-purchasing-terms-and-conditions\/#breadcrumb\",\"itemListElement\":[{\"@type\":\"ListItem\",\"position\":1,\"name\":\"Home\",\"item\":\"https:\/\/www.verescence.com\/en\/\"},{\"@type\":\"ListItem\",\"position\":2,\"name\":\"General Purchasing Terms and Conditions\"}]},{\"@type\":\"WebSite\",\"@id\":\"https:\/\/www.verescence.com\/en\/#website\",\"url\":\"https:\/\/www.verescence.com\/en\/\",\"name\":\"Verescence\",\"description\":\"Made of glass and passion\",\"potentialAction\":[{\"@type\":\"SearchAction\",\"target\":{\"@type\":\"EntryPoint\",\"urlTemplate\":\"https:\/\/www.verescence.com\/en\/?s={search_term_string}\"},\"query-input\":{\"@type\":\"PropertyValueSpecification\",\"valueRequired\":true,\"valueName\":\"search_term_string\"}}],\"inLanguage\":\"en-US\"}]}<\/script>\n<!-- \/ Yoast SEO plugin. -->","yoast_head_json":{"title":"General Purchasing Terms and Conditions | Verescence","description":"D\u00e9couvrez les Conditions G\u00e9n\u00e9rales d\u2019Achat de Verescence","robots":{"index":"index","follow":"follow","max-snippet":"max-snippet:-1","max-image-preview":"max-image-preview:large","max-video-preview":"max-video-preview:-1"},"canonical":"https:\/\/www.verescence.com\/en\/general-purchasing-terms-and-conditions\/","og_locale":"en_US","og_type":"article","og_title":"General Purchasing Terms and Conditions | Verescence","og_description":"D\u00e9couvrez les Conditions G\u00e9n\u00e9rales d\u2019Achat de Verescence","og_url":"https:\/\/www.verescence.com\/en\/general-purchasing-terms-and-conditions\/","og_site_name":"Verescence","article_modified_time":"2025-11-13T11:04:05+00:00","twitter_card":"summary_large_image","schema":{"@context":"https:\/\/schema.org","@graph":[{"@type":"WebPage","@id":"https:\/\/www.verescence.com\/en\/general-purchasing-terms-and-conditions\/","url":"https:\/\/www.verescence.com\/en\/general-purchasing-terms-and-conditions\/","name":"General Purchasing Terms and Conditions | Verescence","isPartOf":{"@id":"https:\/\/www.verescence.com\/en\/#website"},"datePublished":"2025-11-13T10:03:39+00:00","dateModified":"2025-11-13T11:04:05+00:00","description":"D\u00e9couvrez les Conditions G\u00e9n\u00e9rales d\u2019Achat de Verescence","breadcrumb":{"@id":"https:\/\/www.verescence.com\/en\/general-purchasing-terms-and-conditions\/#breadcrumb"},"inLanguage":"en-US","potentialAction":[{"@type":"ReadAction","target":["https:\/\/www.verescence.com\/en\/general-purchasing-terms-and-conditions\/"]}]},{"@type":"BreadcrumbList","@id":"https:\/\/www.verescence.com\/en\/general-purchasing-terms-and-conditions\/#breadcrumb","itemListElement":[{"@type":"ListItem","position":1,"name":"Home","item":"https:\/\/www.verescence.com\/en\/"},{"@type":"ListItem","position":2,"name":"General Purchasing Terms and Conditions"}]},{"@type":"WebSite","@id":"https:\/\/www.verescence.com\/en\/#website","url":"https:\/\/www.verescence.com\/en\/","name":"Verescence","description":"Made of glass and passion","potentialAction":[{"@type":"SearchAction","target":{"@type":"EntryPoint","urlTemplate":"https:\/\/www.verescence.com\/en\/?s={search_term_string}"},"query-input":{"@type":"PropertyValueSpecification","valueRequired":true,"valueName":"search_term_string"}}],"inLanguage":"en-US"}]}},"_links":{"self":[{"href":"https:\/\/www.verescence.com\/en\/wp-json\/wp\/v2\/pages\/9311","targetHints":{"allow":["GET"]}}],"collection":[{"href":"https:\/\/www.verescence.com\/en\/wp-json\/wp\/v2\/pages"}],"about":[{"href":"https:\/\/www.verescence.com\/en\/wp-json\/wp\/v2\/types\/page"}],"author":[{"embeddable":true,"href":"https:\/\/www.verescence.com\/en\/wp-json\/wp\/v2\/users\/7"}],"replies":[{"embeddable":true,"href":"https:\/\/www.verescence.com\/en\/wp-json\/wp\/v2\/comments?post=9311"}],"version-history":[{"count":3,"href":"https:\/\/www.verescence.com\/en\/wp-json\/wp\/v2\/pages\/9311\/revisions"}],"predecessor-version":[{"id":9317,"href":"https:\/\/www.verescence.com\/en\/wp-json\/wp\/v2\/pages\/9311\/revisions\/9317"}],"wp:attachment":[{"href":"https:\/\/www.verescence.com\/en\/wp-json\/wp\/v2\/media?parent=9311"}],"curies":[{"name":"wp","href":"https:\/\/api.w.org\/{rel}","templated":true}]}}