{"id":4484,"date":"2024-12-12T16:17:01","date_gmt":"2024-12-12T15:17:01","guid":{"rendered":"https:\/\/verescence.preprod8.lonsdale.fr\/?page_id=4484"},"modified":"2025-03-04T18:08:21","modified_gmt":"2025-03-04T17:08:21","slug":"chef-de-projet-developpement-produit","status":"publish","type":"page","link":"https:\/\/www.verescence.com\/fr\/chef-de-projet-developpement-produit\/","title":{"rendered":"Quentin, Chef de Projet D\u00e9veloppement Produit"},"content":{"rendered":"","protected":false},"excerpt":{"rendered":"","protected":false},"author":7,"featured_media":0,"parent":0,"menu_order":0,"comment_status":"closed","ping_status":"closed","template":"","meta":{"_acf_changed":false},"class_list":["post-4484","page","type-page","status-publish","hentry"],"acf":[],"yoast_head":"<!-- This site is optimized with the Yoast SEO plugin v27.2 - https:\/\/yoast.com\/product\/yoast-seo-wordpress\/ -->\n<title>Quentin, Chef de Projet D\u00e9veloppement Produit | Verescence<\/title>\n<meta name=\"description\" content=\"Quentin, Chef de Projet D\u00e9veloppement Produit chez Verescence, nous explique son r\u00f4le dans la cr\u00e9ation de nouveaux flacons pour les grandes marques de la parfumerie-cosm\u00e9tique de luxe et les d\u00e9fis techniques de chaque projet.\" \/>\n<meta name=\"robots\" content=\"index, follow, max-snippet:-1, max-image-preview:large, max-video-preview:-1\" \/>\n<link rel=\"canonical\" href=\"https:\/\/www.verescence.com\/fr\/chef-de-projet-developpement-produit\/\" \/>\n<meta property=\"og:locale\" content=\"fr_FR\" \/>\n<meta property=\"og:type\" content=\"article\" \/>\n<meta property=\"og:title\" content=\"Quentin, Chef de Projet D\u00e9veloppement Produit | Verescence\" \/>\n<meta property=\"og:description\" content=\"Quentin, Chef de Projet D\u00e9veloppement Produit chez Verescence, nous explique son r\u00f4le dans la cr\u00e9ation de nouveaux flacons pour les grandes marques de la parfumerie-cosm\u00e9tique de luxe et les d\u00e9fis techniques de chaque projet.\" \/>\n<meta property=\"og:url\" content=\"https:\/\/www.verescence.com\/fr\/chef-de-projet-developpement-produit\/\" \/>\n<meta property=\"og:site_name\" content=\"Verescence\" \/>\n<meta property=\"article:modified_time\" content=\"2025-03-04T17:08:21+00:00\" \/>\n<meta name=\"twitter:card\" content=\"summary_large_image\" \/>\n<script type=\"application\/ld+json\" class=\"yoast-schema-graph\">{\"@context\":\"https:\/\/schema.org\",\"@graph\":[{\"@type\":\"WebPage\",\"@id\":\"https:\/\/www.verescence.com\/fr\/chef-de-projet-developpement-produit\/\",\"url\":\"https:\/\/www.verescence.com\/fr\/chef-de-projet-developpement-produit\/\",\"name\":\"Quentin, Chef de Projet D\u00e9veloppement Produit | Verescence\",\"isPartOf\":{\"@id\":\"https:\/\/www.verescence.com\/fr\/#website\"},\"datePublished\":\"2024-12-12T15:17:01+00:00\",\"dateModified\":\"2025-03-04T17:08:21+00:00\",\"description\":\"Quentin, Chef de Projet D\u00e9veloppement Produit chez Verescence, nous explique son r\u00f4le dans la cr\u00e9ation de nouveaux flacons pour les grandes marques de la parfumerie-cosm\u00e9tique de luxe et les d\u00e9fis techniques de chaque projet.\",\"breadcrumb\":{\"@id\":\"https:\/\/www.verescence.com\/fr\/chef-de-projet-developpement-produit\/#breadcrumb\"},\"inLanguage\":\"fr-FR\",\"potentialAction\":[{\"@type\":\"ReadAction\",\"target\":[\"https:\/\/www.verescence.com\/fr\/chef-de-projet-developpement-produit\/\"]}]},{\"@type\":\"BreadcrumbList\",\"@id\":\"https:\/\/www.verescence.com\/fr\/chef-de-projet-developpement-produit\/#breadcrumb\",\"itemListElement\":[{\"@type\":\"ListItem\",\"position\":1,\"name\":\"Accueil\",\"item\":\"https:\/\/www.verescence.com\/fr\/\"},{\"@type\":\"ListItem\",\"position\":2,\"name\":\"Quentin, Chef de Projet D\u00e9veloppement Produit\"}]},{\"@type\":\"WebSite\",\"@id\":\"https:\/\/www.verescence.com\/fr\/#website\",\"url\":\"https:\/\/www.verescence.com\/fr\/\",\"name\":\"Verescence\",\"description\":\"Made of glass and passion\",\"potentialAction\":[{\"@type\":\"SearchAction\",\"target\":{\"@type\":\"EntryPoint\",\"urlTemplate\":\"https:\/\/www.verescence.com\/fr\/?s={search_term_string}\"},\"query-input\":{\"@type\":\"PropertyValueSpecification\",\"valueRequired\":true,\"valueName\":\"search_term_string\"}}],\"inLanguage\":\"fr-FR\"}]}<\/script>\n<!-- \/ Yoast SEO plugin. -->","yoast_head_json":{"title":"Quentin, Chef de Projet D\u00e9veloppement Produit | Verescence","description":"Quentin, Chef de Projet D\u00e9veloppement Produit chez Verescence, nous explique son r\u00f4le dans la cr\u00e9ation de nouveaux flacons pour les grandes marques de la parfumerie-cosm\u00e9tique de luxe et les d\u00e9fis techniques de chaque projet.","robots":{"index":"index","follow":"follow","max-snippet":"max-snippet:-1","max-image-preview":"max-image-preview:large","max-video-preview":"max-video-preview:-1"},"canonical":"https:\/\/www.verescence.com\/fr\/chef-de-projet-developpement-produit\/","og_locale":"fr_FR","og_type":"article","og_title":"Quentin, Chef de Projet D\u00e9veloppement Produit | Verescence","og_description":"Quentin, Chef de Projet D\u00e9veloppement Produit chez Verescence, nous explique son r\u00f4le dans la cr\u00e9ation de nouveaux flacons pour les grandes marques de la parfumerie-cosm\u00e9tique de luxe et les d\u00e9fis techniques de chaque projet.","og_url":"https:\/\/www.verescence.com\/fr\/chef-de-projet-developpement-produit\/","og_site_name":"Verescence","article_modified_time":"2025-03-04T17:08:21+00:00","twitter_card":"summary_large_image","schema":{"@context":"https:\/\/schema.org","@graph":[{"@type":"WebPage","@id":"https:\/\/www.verescence.com\/fr\/chef-de-projet-developpement-produit\/","url":"https:\/\/www.verescence.com\/fr\/chef-de-projet-developpement-produit\/","name":"Quentin, Chef de Projet D\u00e9veloppement Produit | Verescence","isPartOf":{"@id":"https:\/\/www.verescence.com\/fr\/#website"},"datePublished":"2024-12-12T15:17:01+00:00","dateModified":"2025-03-04T17:08:21+00:00","description":"Quentin, Chef de Projet D\u00e9veloppement Produit chez Verescence, nous explique son r\u00f4le dans la cr\u00e9ation de nouveaux flacons pour les grandes marques de la parfumerie-cosm\u00e9tique de luxe et les d\u00e9fis techniques de chaque projet.","breadcrumb":{"@id":"https:\/\/www.verescence.com\/fr\/chef-de-projet-developpement-produit\/#breadcrumb"},"inLanguage":"fr-FR","potentialAction":[{"@type":"ReadAction","target":["https:\/\/www.verescence.com\/fr\/chef-de-projet-developpement-produit\/"]}]},{"@type":"BreadcrumbList","@id":"https:\/\/www.verescence.com\/fr\/chef-de-projet-developpement-produit\/#breadcrumb","itemListElement":[{"@type":"ListItem","position":1,"name":"Accueil","item":"https:\/\/www.verescence.com\/fr\/"},{"@type":"ListItem","position":2,"name":"Quentin, Chef de Projet D\u00e9veloppement Produit"}]},{"@type":"WebSite","@id":"https:\/\/www.verescence.com\/fr\/#website","url":"https:\/\/www.verescence.com\/fr\/","name":"Verescence","description":"Made of glass and passion","potentialAction":[{"@type":"SearchAction","target":{"@type":"EntryPoint","urlTemplate":"https:\/\/www.verescence.com\/fr\/?s={search_term_string}"},"query-input":{"@type":"PropertyValueSpecification","valueRequired":true,"valueName":"search_term_string"}}],"inLanguage":"fr-FR"}]}},"_links":{"self":[{"href":"https:\/\/www.verescence.com\/fr\/wp-json\/wp\/v2\/pages\/4484","targetHints":{"allow":["GET"]}}],"collection":[{"href":"https:\/\/www.verescence.com\/fr\/wp-json\/wp\/v2\/pages"}],"about":[{"href":"https:\/\/www.verescence.com\/fr\/wp-json\/wp\/v2\/types\/page"}],"author":[{"embeddable":true,"href":"https:\/\/www.verescence.com\/fr\/wp-json\/wp\/v2\/users\/7"}],"replies":[{"embeddable":true,"href":"https:\/\/www.verescence.com\/fr\/wp-json\/wp\/v2\/comments?post=4484"}],"version-history":[{"count":4,"href":"https:\/\/www.verescence.com\/fr\/wp-json\/wp\/v2\/pages\/4484\/revisions"}],"predecessor-version":[{"id":6976,"href":"https:\/\/www.verescence.com\/fr\/wp-json\/wp\/v2\/pages\/4484\/revisions\/6976"}],"wp:attachment":[{"href":"https:\/\/www.verescence.com\/fr\/wp-json\/wp\/v2\/media?parent=4484"}],"curies":[{"name":"wp","href":"https:\/\/api.w.org\/{rel}","templated":true}]}}