{"id":4491,"date":"2024-12-12T16:26:19","date_gmt":"2024-12-12T15:26:19","guid":{"rendered":"https:\/\/verescence.preprod8.lonsdale.fr\/?page_id=4491"},"modified":"2025-03-04T18:01:18","modified_gmt":"2025-03-04T17:01:18","slug":"responsable-de-latelier-moulerie","status":"publish","type":"page","link":"https:\/\/www.verescence.com\/fr\/responsable-de-latelier-moulerie\/","title":{"rendered":"Emmanuel, Responsable de l\u2019atelier Moulerie"},"content":{"rendered":"","protected":false},"excerpt":{"rendered":"","protected":false},"author":7,"featured_media":0,"parent":0,"menu_order":0,"comment_status":"closed","ping_status":"closed","template":"","meta":{"_acf_changed":false},"class_list":["post-4491","page","type-page","status-publish","hentry"],"acf":[],"yoast_head":"<!-- This site is optimized with the Yoast SEO plugin v27.2 - https:\/\/yoast.com\/product\/yoast-seo-wordpress\/ -->\n<title>Emmanuel, Responsable de l\u2019atelier Moulerie | Verescence<\/title>\n<meta name=\"description\" content=\"Emmanuel, Responsable de l&#039;atelier Moulerie chez Verescence, leader mondial du flaconnage de luxe, partage son parcours dans l&#039;industrie du verre, depuis ses d\u00e9buts comme ouvrier jusqu&#039;\u00e0 son r\u00f4le actuel de manager d&#039;\u00e9quipe.\" \/>\n<meta name=\"robots\" content=\"index, follow, max-snippet:-1, max-image-preview:large, max-video-preview:-1\" \/>\n<link rel=\"canonical\" href=\"https:\/\/www.verescence.com\/fr\/responsable-de-latelier-moulerie\/\" \/>\n<meta property=\"og:locale\" content=\"fr_FR\" \/>\n<meta property=\"og:type\" content=\"article\" \/>\n<meta property=\"og:title\" content=\"Emmanuel, Responsable de l\u2019atelier Moulerie | Verescence\" \/>\n<meta property=\"og:description\" content=\"Emmanuel, Responsable de l&#039;atelier Moulerie chez Verescence, leader mondial du flaconnage de luxe, partage son parcours dans l&#039;industrie du verre, depuis ses d\u00e9buts comme ouvrier jusqu&#039;\u00e0 son r\u00f4le actuel de manager d&#039;\u00e9quipe.\" \/>\n<meta property=\"og:url\" content=\"https:\/\/www.verescence.com\/fr\/responsable-de-latelier-moulerie\/\" \/>\n<meta property=\"og:site_name\" content=\"Verescence\" \/>\n<meta property=\"article:modified_time\" content=\"2025-03-04T17:01:18+00:00\" \/>\n<meta name=\"twitter:card\" content=\"summary_large_image\" \/>\n<script type=\"application\/ld+json\" class=\"yoast-schema-graph\">{\"@context\":\"https:\/\/schema.org\",\"@graph\":[{\"@type\":\"WebPage\",\"@id\":\"https:\/\/www.verescence.com\/fr\/responsable-de-latelier-moulerie\/\",\"url\":\"https:\/\/www.verescence.com\/fr\/responsable-de-latelier-moulerie\/\",\"name\":\"Emmanuel, Responsable de l\u2019atelier Moulerie | Verescence\",\"isPartOf\":{\"@id\":\"https:\/\/verescence.com\/fr\/#website\"},\"datePublished\":\"2024-12-12T15:26:19+00:00\",\"dateModified\":\"2025-03-04T17:01:18+00:00\",\"description\":\"Emmanuel, Responsable de l'atelier Moulerie chez Verescence, leader mondial du flaconnage de luxe, partage son parcours dans l'industrie du verre, depuis ses d\u00e9buts comme ouvrier jusqu'\u00e0 son r\u00f4le actuel de manager d'\u00e9quipe.\",\"breadcrumb\":{\"@id\":\"https:\/\/www.verescence.com\/fr\/responsable-de-latelier-moulerie\/#breadcrumb\"},\"inLanguage\":\"fr-FR\",\"potentialAction\":[{\"@type\":\"ReadAction\",\"target\":[\"https:\/\/www.verescence.com\/fr\/responsable-de-latelier-moulerie\/\"]}]},{\"@type\":\"BreadcrumbList\",\"@id\":\"https:\/\/www.verescence.com\/fr\/responsable-de-latelier-moulerie\/#breadcrumb\",\"itemListElement\":[{\"@type\":\"ListItem\",\"position\":1,\"name\":\"Accueil\",\"item\":\"https:\/\/verescence.com\/fr\/\"},{\"@type\":\"ListItem\",\"position\":2,\"name\":\"Emmanuel, Responsable de l\u2019atelier Moulerie\"}]},{\"@type\":\"WebSite\",\"@id\":\"https:\/\/verescence.com\/fr\/#website\",\"url\":\"https:\/\/verescence.com\/fr\/\",\"name\":\"Verescence\",\"description\":\"Made of glass and passion\",\"potentialAction\":[{\"@type\":\"SearchAction\",\"target\":{\"@type\":\"EntryPoint\",\"urlTemplate\":\"https:\/\/verescence.com\/fr\/?s={search_term_string}\"},\"query-input\":{\"@type\":\"PropertyValueSpecification\",\"valueRequired\":true,\"valueName\":\"search_term_string\"}}],\"inLanguage\":\"fr-FR\"}]}<\/script>\n<!-- \/ Yoast SEO plugin. -->","yoast_head_json":{"title":"Emmanuel, Responsable de l\u2019atelier Moulerie | Verescence","description":"Emmanuel, Responsable de l'atelier Moulerie chez Verescence, leader mondial du flaconnage de luxe, partage son parcours dans l'industrie du verre, depuis ses d\u00e9buts comme ouvrier jusqu'\u00e0 son r\u00f4le actuel de manager d'\u00e9quipe.","robots":{"index":"index","follow":"follow","max-snippet":"max-snippet:-1","max-image-preview":"max-image-preview:large","max-video-preview":"max-video-preview:-1"},"canonical":"https:\/\/www.verescence.com\/fr\/responsable-de-latelier-moulerie\/","og_locale":"fr_FR","og_type":"article","og_title":"Emmanuel, Responsable de l\u2019atelier Moulerie | Verescence","og_description":"Emmanuel, Responsable de l'atelier Moulerie chez Verescence, leader mondial du flaconnage de luxe, partage son parcours dans l'industrie du verre, depuis ses d\u00e9buts comme ouvrier jusqu'\u00e0 son r\u00f4le actuel de manager d'\u00e9quipe.","og_url":"https:\/\/www.verescence.com\/fr\/responsable-de-latelier-moulerie\/","og_site_name":"Verescence","article_modified_time":"2025-03-04T17:01:18+00:00","twitter_card":"summary_large_image","schema":{"@context":"https:\/\/schema.org","@graph":[{"@type":"WebPage","@id":"https:\/\/www.verescence.com\/fr\/responsable-de-latelier-moulerie\/","url":"https:\/\/www.verescence.com\/fr\/responsable-de-latelier-moulerie\/","name":"Emmanuel, Responsable de l\u2019atelier Moulerie | Verescence","isPartOf":{"@id":"https:\/\/verescence.com\/fr\/#website"},"datePublished":"2024-12-12T15:26:19+00:00","dateModified":"2025-03-04T17:01:18+00:00","description":"Emmanuel, Responsable de l'atelier Moulerie chez Verescence, leader mondial du flaconnage de luxe, partage son parcours dans l'industrie du verre, depuis ses d\u00e9buts comme ouvrier jusqu'\u00e0 son r\u00f4le actuel de manager d'\u00e9quipe.","breadcrumb":{"@id":"https:\/\/www.verescence.com\/fr\/responsable-de-latelier-moulerie\/#breadcrumb"},"inLanguage":"fr-FR","potentialAction":[{"@type":"ReadAction","target":["https:\/\/www.verescence.com\/fr\/responsable-de-latelier-moulerie\/"]}]},{"@type":"BreadcrumbList","@id":"https:\/\/www.verescence.com\/fr\/responsable-de-latelier-moulerie\/#breadcrumb","itemListElement":[{"@type":"ListItem","position":1,"name":"Accueil","item":"https:\/\/verescence.com\/fr\/"},{"@type":"ListItem","position":2,"name":"Emmanuel, Responsable de l\u2019atelier Moulerie"}]},{"@type":"WebSite","@id":"https:\/\/verescence.com\/fr\/#website","url":"https:\/\/verescence.com\/fr\/","name":"Verescence","description":"Made of glass and passion","potentialAction":[{"@type":"SearchAction","target":{"@type":"EntryPoint","urlTemplate":"https:\/\/verescence.com\/fr\/?s={search_term_string}"},"query-input":{"@type":"PropertyValueSpecification","valueRequired":true,"valueName":"search_term_string"}}],"inLanguage":"fr-FR"}]}},"_links":{"self":[{"href":"https:\/\/www.verescence.com\/fr\/wp-json\/wp\/v2\/pages\/4491","targetHints":{"allow":["GET"]}}],"collection":[{"href":"https:\/\/www.verescence.com\/fr\/wp-json\/wp\/v2\/pages"}],"about":[{"href":"https:\/\/www.verescence.com\/fr\/wp-json\/wp\/v2\/types\/page"}],"author":[{"embeddable":true,"href":"https:\/\/www.verescence.com\/fr\/wp-json\/wp\/v2\/users\/7"}],"replies":[{"embeddable":true,"href":"https:\/\/www.verescence.com\/fr\/wp-json\/wp\/v2\/comments?post=4491"}],"version-history":[{"count":4,"href":"https:\/\/www.verescence.com\/fr\/wp-json\/wp\/v2\/pages\/4491\/revisions"}],"predecessor-version":[{"id":6975,"href":"https:\/\/www.verescence.com\/fr\/wp-json\/wp\/v2\/pages\/4491\/revisions\/6975"}],"wp:attachment":[{"href":"https:\/\/www.verescence.com\/fr\/wp-json\/wp\/v2\/media?parent=4491"}],"curies":[{"name":"wp","href":"https:\/\/api.w.org\/{rel}","templated":true}]}}