{"id":4495,"date":"2024-12-12T16:30:05","date_gmt":"2024-12-12T15:30:05","guid":{"rendered":"https:\/\/verescence.preprod8.lonsdale.fr\/?page_id=4495"},"modified":"2025-03-04T17:52:07","modified_gmt":"2025-03-04T16:52:07","slug":"responsable-du-tri","status":"publish","type":"page","link":"https:\/\/www.verescence.com\/fr\/responsable-du-tri\/","title":{"rendered":"Luis Enrique, Responsable du Tri"},"content":{"rendered":"","protected":false},"excerpt":{"rendered":"","protected":false},"author":7,"featured_media":0,"parent":0,"menu_order":0,"comment_status":"closed","ping_status":"closed","template":"","meta":{"_acf_changed":false},"class_list":["post-4495","page","type-page","status-publish","hentry"],"acf":[],"yoast_head":"<!-- This site is optimized with the Yoast SEO plugin v27.2 - https:\/\/yoast.com\/product\/yoast-seo-wordpress\/ -->\n<title>Luis Enrique, Responsable du Tri | Verescence<\/title>\n<meta name=\"description\" content=\"Luis Enrique, Responsable du Tri chez Verescence, leader mondial du flaconnage de luxe pour la parfumerie et la cosm\u00e9tique, partage son parcours nourri par une v\u00e9ritable passion du verre, transmise de g\u00e9n\u00e9ration en g\u00e9n\u00e9ration.\" \/>\n<meta name=\"robots\" content=\"index, follow, max-snippet:-1, max-image-preview:large, max-video-preview:-1\" \/>\n<link rel=\"canonical\" href=\"https:\/\/www.verescence.com\/fr\/responsable-du-tri\/\" \/>\n<meta property=\"og:locale\" content=\"fr_FR\" \/>\n<meta property=\"og:type\" content=\"article\" \/>\n<meta property=\"og:title\" content=\"Luis Enrique, Responsable du Tri | Verescence\" \/>\n<meta property=\"og:description\" content=\"Luis Enrique, Responsable du Tri chez Verescence, leader mondial du flaconnage de luxe pour la parfumerie et la cosm\u00e9tique, partage son parcours nourri par une v\u00e9ritable passion du verre, transmise de g\u00e9n\u00e9ration en g\u00e9n\u00e9ration.\" \/>\n<meta property=\"og:url\" content=\"https:\/\/www.verescence.com\/fr\/responsable-du-tri\/\" \/>\n<meta property=\"og:site_name\" content=\"Verescence\" \/>\n<meta property=\"article:modified_time\" content=\"2025-03-04T16:52:07+00:00\" \/>\n<meta name=\"twitter:card\" content=\"summary_large_image\" \/>\n<script type=\"application\/ld+json\" class=\"yoast-schema-graph\">{\"@context\":\"https:\/\/schema.org\",\"@graph\":[{\"@type\":\"WebPage\",\"@id\":\"https:\/\/www.verescence.com\/fr\/responsable-du-tri\/\",\"url\":\"https:\/\/www.verescence.com\/fr\/responsable-du-tri\/\",\"name\":\"Luis Enrique, Responsable du Tri | Verescence\",\"isPartOf\":{\"@id\":\"https:\/\/verescence.com\/fr\/#website\"},\"datePublished\":\"2024-12-12T15:30:05+00:00\",\"dateModified\":\"2025-03-04T16:52:07+00:00\",\"description\":\"Luis Enrique, Responsable du Tri chez Verescence, leader mondial du flaconnage de luxe pour la parfumerie et la cosm\u00e9tique, partage son parcours nourri par une v\u00e9ritable passion du verre, transmise de g\u00e9n\u00e9ration en g\u00e9n\u00e9ration.\",\"breadcrumb\":{\"@id\":\"https:\/\/www.verescence.com\/fr\/responsable-du-tri\/#breadcrumb\"},\"inLanguage\":\"fr-FR\",\"potentialAction\":[{\"@type\":\"ReadAction\",\"target\":[\"https:\/\/www.verescence.com\/fr\/responsable-du-tri\/\"]}]},{\"@type\":\"BreadcrumbList\",\"@id\":\"https:\/\/www.verescence.com\/fr\/responsable-du-tri\/#breadcrumb\",\"itemListElement\":[{\"@type\":\"ListItem\",\"position\":1,\"name\":\"Accueil\",\"item\":\"https:\/\/www.verescence.com\/fr\/\"},{\"@type\":\"ListItem\",\"position\":2,\"name\":\"Luis Enrique, Responsable du Tri\"}]},{\"@type\":\"WebSite\",\"@id\":\"https:\/\/verescence.com\/fr\/#website\",\"url\":\"https:\/\/verescence.com\/fr\/\",\"name\":\"Verescence\",\"description\":\"Made of glass and passion\",\"potentialAction\":[{\"@type\":\"SearchAction\",\"target\":{\"@type\":\"EntryPoint\",\"urlTemplate\":\"https:\/\/verescence.com\/fr\/?s={search_term_string}\"},\"query-input\":{\"@type\":\"PropertyValueSpecification\",\"valueRequired\":true,\"valueName\":\"search_term_string\"}}],\"inLanguage\":\"fr-FR\"}]}<\/script>\n<!-- \/ Yoast SEO plugin. -->","yoast_head_json":{"title":"Luis Enrique, Responsable du Tri | Verescence","description":"Luis Enrique, Responsable du Tri chez Verescence, leader mondial du flaconnage de luxe pour la parfumerie et la cosm\u00e9tique, partage son parcours nourri par une v\u00e9ritable passion du verre, transmise de g\u00e9n\u00e9ration en g\u00e9n\u00e9ration.","robots":{"index":"index","follow":"follow","max-snippet":"max-snippet:-1","max-image-preview":"max-image-preview:large","max-video-preview":"max-video-preview:-1"},"canonical":"https:\/\/www.verescence.com\/fr\/responsable-du-tri\/","og_locale":"fr_FR","og_type":"article","og_title":"Luis Enrique, Responsable du Tri | Verescence","og_description":"Luis Enrique, Responsable du Tri chez Verescence, leader mondial du flaconnage de luxe pour la parfumerie et la cosm\u00e9tique, partage son parcours nourri par une v\u00e9ritable passion du verre, transmise de g\u00e9n\u00e9ration en g\u00e9n\u00e9ration.","og_url":"https:\/\/www.verescence.com\/fr\/responsable-du-tri\/","og_site_name":"Verescence","article_modified_time":"2025-03-04T16:52:07+00:00","twitter_card":"summary_large_image","schema":{"@context":"https:\/\/schema.org","@graph":[{"@type":"WebPage","@id":"https:\/\/www.verescence.com\/fr\/responsable-du-tri\/","url":"https:\/\/www.verescence.com\/fr\/responsable-du-tri\/","name":"Luis Enrique, Responsable du Tri | Verescence","isPartOf":{"@id":"https:\/\/verescence.com\/fr\/#website"},"datePublished":"2024-12-12T15:30:05+00:00","dateModified":"2025-03-04T16:52:07+00:00","description":"Luis Enrique, Responsable du Tri chez Verescence, leader mondial du flaconnage de luxe pour la parfumerie et la cosm\u00e9tique, partage son parcours nourri par une v\u00e9ritable passion du verre, transmise de g\u00e9n\u00e9ration en g\u00e9n\u00e9ration.","breadcrumb":{"@id":"https:\/\/www.verescence.com\/fr\/responsable-du-tri\/#breadcrumb"},"inLanguage":"fr-FR","potentialAction":[{"@type":"ReadAction","target":["https:\/\/www.verescence.com\/fr\/responsable-du-tri\/"]}]},{"@type":"BreadcrumbList","@id":"https:\/\/www.verescence.com\/fr\/responsable-du-tri\/#breadcrumb","itemListElement":[{"@type":"ListItem","position":1,"name":"Accueil","item":"https:\/\/www.verescence.com\/fr\/"},{"@type":"ListItem","position":2,"name":"Luis Enrique, Responsable du Tri"}]},{"@type":"WebSite","@id":"https:\/\/verescence.com\/fr\/#website","url":"https:\/\/verescence.com\/fr\/","name":"Verescence","description":"Made of glass and passion","potentialAction":[{"@type":"SearchAction","target":{"@type":"EntryPoint","urlTemplate":"https:\/\/verescence.com\/fr\/?s={search_term_string}"},"query-input":{"@type":"PropertyValueSpecification","valueRequired":true,"valueName":"search_term_string"}}],"inLanguage":"fr-FR"}]}},"_links":{"self":[{"href":"https:\/\/www.verescence.com\/fr\/wp-json\/wp\/v2\/pages\/4495","targetHints":{"allow":["GET"]}}],"collection":[{"href":"https:\/\/www.verescence.com\/fr\/wp-json\/wp\/v2\/pages"}],"about":[{"href":"https:\/\/www.verescence.com\/fr\/wp-json\/wp\/v2\/types\/page"}],"author":[{"embeddable":true,"href":"https:\/\/www.verescence.com\/fr\/wp-json\/wp\/v2\/users\/7"}],"replies":[{"embeddable":true,"href":"https:\/\/www.verescence.com\/fr\/wp-json\/wp\/v2\/comments?post=4495"}],"version-history":[{"count":3,"href":"https:\/\/www.verescence.com\/fr\/wp-json\/wp\/v2\/pages\/4495\/revisions"}],"predecessor-version":[{"id":4631,"href":"https:\/\/www.verescence.com\/fr\/wp-json\/wp\/v2\/pages\/4495\/revisions\/4631"}],"wp:attachment":[{"href":"https:\/\/www.verescence.com\/fr\/wp-json\/wp\/v2\/media?parent=4495"}],"curies":[{"name":"wp","href":"https:\/\/api.w.org\/{rel}","templated":true}]}}