{"id":4759,"date":"2024-12-20T11:57:32","date_gmt":"2024-12-20T10:57:32","guid":{"rendered":"https:\/\/verescence.preprod8.lonsdale.fr\/?page_id=4759"},"modified":"2025-04-04T16:42:30","modified_gmt":"2025-04-04T14:42:30","slug":"nos-sites-dans-le-monde","status":"publish","type":"page","link":"https:\/\/www.verescence.com\/fr\/nos-sites-dans-le-monde\/","title":{"rendered":"Nos sites dans le monde"},"content":{"rendered":"","protected":false},"excerpt":{"rendered":"","protected":false},"author":7,"featured_media":0,"parent":0,"menu_order":0,"comment_status":"closed","ping_status":"closed","template":"","meta":{"_acf_changed":false},"class_list":["post-4759","page","type-page","status-publish","hentry"],"acf":[],"yoast_head":"<!-- This site is optimized with the Yoast SEO plugin v27.2 - https:\/\/yoast.com\/product\/yoast-seo-wordpress\/ -->\n<title>Nos sites dans le monde | Verescence<\/title>\n<meta name=\"description\" content=\"D\u00e9couvrez les sites de production et bureaux commerciaux de Verescence \u00e0 travers le monde. De la France aux \u00c9tats-Unis, en passant par l&#039;Espagne et la Cor\u00e9e du Sud, nous sommes pr\u00e9sents dans des r\u00e9gions strat\u00e9giques pour servir au mieux nos clients.\" \/>\n<meta name=\"robots\" content=\"index, follow, max-snippet:-1, max-image-preview:large, max-video-preview:-1\" \/>\n<link rel=\"canonical\" href=\"https:\/\/www.verescence.com\/fr\/nos-sites-dans-le-monde\/\" \/>\n<meta property=\"og:locale\" content=\"fr_FR\" \/>\n<meta property=\"og:type\" content=\"article\" \/>\n<meta property=\"og:title\" content=\"Nos sites dans le monde | Verescence\" \/>\n<meta property=\"og:description\" content=\"D\u00e9couvrez les sites de production et bureaux commerciaux de Verescence \u00e0 travers le monde. De la France aux \u00c9tats-Unis, en passant par l&#039;Espagne et la Cor\u00e9e du Sud, nous sommes pr\u00e9sents dans des r\u00e9gions strat\u00e9giques pour servir au mieux nos clients.\" \/>\n<meta property=\"og:url\" content=\"https:\/\/www.verescence.com\/fr\/nos-sites-dans-le-monde\/\" \/>\n<meta property=\"og:site_name\" content=\"Verescence\" \/>\n<meta property=\"article:modified_time\" content=\"2025-04-04T14:42:30+00:00\" \/>\n<meta name=\"twitter:card\" content=\"summary_large_image\" \/>\n<script type=\"application\/ld+json\" class=\"yoast-schema-graph\">{\"@context\":\"https:\/\/schema.org\",\"@graph\":[{\"@type\":\"WebPage\",\"@id\":\"https:\/\/www.verescence.com\/fr\/nos-sites-dans-le-monde\/\",\"url\":\"https:\/\/www.verescence.com\/fr\/nos-sites-dans-le-monde\/\",\"name\":\"Nos sites dans le monde | Verescence\",\"isPartOf\":{\"@id\":\"https:\/\/verescence.com\/fr\/#website\"},\"datePublished\":\"2024-12-20T10:57:32+00:00\",\"dateModified\":\"2025-04-04T14:42:30+00:00\",\"description\":\"D\u00e9couvrez les sites de production et bureaux commerciaux de Verescence \u00e0 travers le monde. De la France aux \u00c9tats-Unis, en passant par l'Espagne et la Cor\u00e9e du Sud, nous sommes pr\u00e9sents dans des r\u00e9gions strat\u00e9giques pour servir au mieux nos clients.\",\"breadcrumb\":{\"@id\":\"https:\/\/www.verescence.com\/fr\/nos-sites-dans-le-monde\/#breadcrumb\"},\"inLanguage\":\"fr-FR\",\"potentialAction\":[{\"@type\":\"ReadAction\",\"target\":[\"https:\/\/www.verescence.com\/fr\/nos-sites-dans-le-monde\/\"]}]},{\"@type\":\"BreadcrumbList\",\"@id\":\"https:\/\/www.verescence.com\/fr\/nos-sites-dans-le-monde\/#breadcrumb\",\"itemListElement\":[{\"@type\":\"ListItem\",\"position\":1,\"name\":\"Accueil\",\"item\":\"https:\/\/www.verescence.com\/fr\/\"},{\"@type\":\"ListItem\",\"position\":2,\"name\":\"Nos sites dans le monde\"}]},{\"@type\":\"WebSite\",\"@id\":\"https:\/\/verescence.com\/fr\/#website\",\"url\":\"https:\/\/verescence.com\/fr\/\",\"name\":\"Verescence\",\"description\":\"Made of glass and passion\",\"potentialAction\":[{\"@type\":\"SearchAction\",\"target\":{\"@type\":\"EntryPoint\",\"urlTemplate\":\"https:\/\/verescence.com\/fr\/?s={search_term_string}\"},\"query-input\":{\"@type\":\"PropertyValueSpecification\",\"valueRequired\":true,\"valueName\":\"search_term_string\"}}],\"inLanguage\":\"fr-FR\"}]}<\/script>\n<!-- \/ Yoast SEO plugin. -->","yoast_head_json":{"title":"Nos sites dans le monde | Verescence","description":"D\u00e9couvrez les sites de production et bureaux commerciaux de Verescence \u00e0 travers le monde. De la France aux \u00c9tats-Unis, en passant par l'Espagne et la Cor\u00e9e du Sud, nous sommes pr\u00e9sents dans des r\u00e9gions strat\u00e9giques pour servir au mieux nos clients.","robots":{"index":"index","follow":"follow","max-snippet":"max-snippet:-1","max-image-preview":"max-image-preview:large","max-video-preview":"max-video-preview:-1"},"canonical":"https:\/\/www.verescence.com\/fr\/nos-sites-dans-le-monde\/","og_locale":"fr_FR","og_type":"article","og_title":"Nos sites dans le monde | Verescence","og_description":"D\u00e9couvrez les sites de production et bureaux commerciaux de Verescence \u00e0 travers le monde. De la France aux \u00c9tats-Unis, en passant par l'Espagne et la Cor\u00e9e du Sud, nous sommes pr\u00e9sents dans des r\u00e9gions strat\u00e9giques pour servir au mieux nos clients.","og_url":"https:\/\/www.verescence.com\/fr\/nos-sites-dans-le-monde\/","og_site_name":"Verescence","article_modified_time":"2025-04-04T14:42:30+00:00","twitter_card":"summary_large_image","schema":{"@context":"https:\/\/schema.org","@graph":[{"@type":"WebPage","@id":"https:\/\/www.verescence.com\/fr\/nos-sites-dans-le-monde\/","url":"https:\/\/www.verescence.com\/fr\/nos-sites-dans-le-monde\/","name":"Nos sites dans le monde | Verescence","isPartOf":{"@id":"https:\/\/verescence.com\/fr\/#website"},"datePublished":"2024-12-20T10:57:32+00:00","dateModified":"2025-04-04T14:42:30+00:00","description":"D\u00e9couvrez les sites de production et bureaux commerciaux de Verescence \u00e0 travers le monde. De la France aux \u00c9tats-Unis, en passant par l'Espagne et la Cor\u00e9e du Sud, nous sommes pr\u00e9sents dans des r\u00e9gions strat\u00e9giques pour servir au mieux nos clients.","breadcrumb":{"@id":"https:\/\/www.verescence.com\/fr\/nos-sites-dans-le-monde\/#breadcrumb"},"inLanguage":"fr-FR","potentialAction":[{"@type":"ReadAction","target":["https:\/\/www.verescence.com\/fr\/nos-sites-dans-le-monde\/"]}]},{"@type":"BreadcrumbList","@id":"https:\/\/www.verescence.com\/fr\/nos-sites-dans-le-monde\/#breadcrumb","itemListElement":[{"@type":"ListItem","position":1,"name":"Accueil","item":"https:\/\/www.verescence.com\/fr\/"},{"@type":"ListItem","position":2,"name":"Nos sites dans le monde"}]},{"@type":"WebSite","@id":"https:\/\/verescence.com\/fr\/#website","url":"https:\/\/verescence.com\/fr\/","name":"Verescence","description":"Made of glass and passion","potentialAction":[{"@type":"SearchAction","target":{"@type":"EntryPoint","urlTemplate":"https:\/\/verescence.com\/fr\/?s={search_term_string}"},"query-input":{"@type":"PropertyValueSpecification","valueRequired":true,"valueName":"search_term_string"}}],"inLanguage":"fr-FR"}]}},"_links":{"self":[{"href":"https:\/\/www.verescence.com\/fr\/wp-json\/wp\/v2\/pages\/4759","targetHints":{"allow":["GET"]}}],"collection":[{"href":"https:\/\/www.verescence.com\/fr\/wp-json\/wp\/v2\/pages"}],"about":[{"href":"https:\/\/www.verescence.com\/fr\/wp-json\/wp\/v2\/types\/page"}],"author":[{"embeddable":true,"href":"https:\/\/www.verescence.com\/fr\/wp-json\/wp\/v2\/users\/7"}],"replies":[{"embeddable":true,"href":"https:\/\/www.verescence.com\/fr\/wp-json\/wp\/v2\/comments?post=4759"}],"version-history":[{"count":24,"href":"https:\/\/www.verescence.com\/fr\/wp-json\/wp\/v2\/pages\/4759\/revisions"}],"predecessor-version":[{"id":7140,"href":"https:\/\/www.verescence.com\/fr\/wp-json\/wp\/v2\/pages\/4759\/revisions\/7140"}],"wp:attachment":[{"href":"https:\/\/www.verescence.com\/fr\/wp-json\/wp\/v2\/media?parent=4759"}],"curies":[{"name":"wp","href":"https:\/\/api.w.org\/{rel}","templated":true}]}}