{"id":5823,"date":"2025-01-17T15:20:16","date_gmt":"2025-01-17T14:20:16","guid":{"rendered":"https:\/\/verescence.preprod8.lonsdale.fr\/?page_id=5823"},"modified":"2025-03-04T17:36:15","modified_gmt":"2025-03-04T16:36:15","slug":"formation-emballeur-trieur-debutant","status":"publish","type":"page","link":"https:\/\/www.verescence.com\/fr\/formation-emballeur-trieur-debutant\/","title":{"rendered":"Formation Emballeur-Trieur D\u00e9butant"},"content":{"rendered":"","protected":false},"excerpt":{"rendered":"","protected":false},"author":7,"featured_media":0,"parent":0,"menu_order":0,"comment_status":"closed","ping_status":"closed","template":"","meta":{"_acf_changed":false},"class_list":["post-5823","page","type-page","status-publish","hentry"],"acf":[],"yoast_head":"<!-- This site is optimized with the Yoast SEO plugin v27.2 - https:\/\/yoast.com\/product\/yoast-seo-wordpress\/ -->\n<title>Formation Emballeur-Trieur D\u00e9butant | Verescence<\/title>\n<meta name=\"description\" content=\"Formation Emballeur-Trieur D\u00e9butant de Verescence : apprenez \u00e0 d\u00e9tecter les d\u00e9fauts sur les flacons en verre gr\u00e2ce \u00e0 un programme complet de 35 heures, anim\u00e9 par des experts. Acqu\u00e9rez les comp\u00e9tences n\u00e9cessaires pour effectuer le tri et l\u2019emballage selon les crit\u00e8res d\u00e9finis.\" \/>\n<meta name=\"robots\" content=\"index, follow, max-snippet:-1, max-image-preview:large, max-video-preview:-1\" \/>\n<link rel=\"canonical\" href=\"https:\/\/www.verescence.com\/fr\/formation-emballeur-trieur-debutant\/\" \/>\n<meta property=\"og:locale\" content=\"fr_FR\" \/>\n<meta property=\"og:type\" content=\"article\" \/>\n<meta property=\"og:title\" content=\"Formation Emballeur-Trieur D\u00e9butant | Verescence\" \/>\n<meta property=\"og:description\" content=\"Formation Emballeur-Trieur D\u00e9butant de Verescence : apprenez \u00e0 d\u00e9tecter les d\u00e9fauts sur les flacons en verre gr\u00e2ce \u00e0 un programme complet de 35 heures, anim\u00e9 par des experts. Acqu\u00e9rez les comp\u00e9tences n\u00e9cessaires pour effectuer le tri et l\u2019emballage selon les crit\u00e8res d\u00e9finis.\" \/>\n<meta property=\"og:url\" content=\"https:\/\/www.verescence.com\/fr\/formation-emballeur-trieur-debutant\/\" \/>\n<meta property=\"og:site_name\" content=\"Verescence\" \/>\n<meta property=\"article:modified_time\" content=\"2025-03-04T16:36:15+00:00\" \/>\n<meta name=\"twitter:card\" content=\"summary_large_image\" \/>\n<script type=\"application\/ld+json\" class=\"yoast-schema-graph\">{\"@context\":\"https:\/\/schema.org\",\"@graph\":[{\"@type\":\"WebPage\",\"@id\":\"https:\/\/www.verescence.com\/fr\/formation-emballeur-trieur-debutant\/\",\"url\":\"https:\/\/www.verescence.com\/fr\/formation-emballeur-trieur-debutant\/\",\"name\":\"Formation Emballeur-Trieur D\u00e9butant | Verescence\",\"isPartOf\":{\"@id\":\"https:\/\/www.verescence.com\/fr\/#website\"},\"datePublished\":\"2025-01-17T14:20:16+00:00\",\"dateModified\":\"2025-03-04T16:36:15+00:00\",\"description\":\"Formation Emballeur-Trieur D\u00e9butant de Verescence : apprenez \u00e0 d\u00e9tecter les d\u00e9fauts sur les flacons en verre gr\u00e2ce \u00e0 un programme complet de 35 heures, anim\u00e9 par des experts. Acqu\u00e9rez les comp\u00e9tences n\u00e9cessaires pour effectuer le tri et l\u2019emballage selon les crit\u00e8res d\u00e9finis.\",\"breadcrumb\":{\"@id\":\"https:\/\/www.verescence.com\/fr\/formation-emballeur-trieur-debutant\/#breadcrumb\"},\"inLanguage\":\"fr-FR\",\"potentialAction\":[{\"@type\":\"ReadAction\",\"target\":[\"https:\/\/www.verescence.com\/fr\/formation-emballeur-trieur-debutant\/\"]}]},{\"@type\":\"BreadcrumbList\",\"@id\":\"https:\/\/www.verescence.com\/fr\/formation-emballeur-trieur-debutant\/#breadcrumb\",\"itemListElement\":[{\"@type\":\"ListItem\",\"position\":1,\"name\":\"Accueil\",\"item\":\"https:\/\/www.verescence.com\/fr\/\"},{\"@type\":\"ListItem\",\"position\":2,\"name\":\"Formation Emballeur-Trieur D\u00e9butant\"}]},{\"@type\":\"WebSite\",\"@id\":\"https:\/\/www.verescence.com\/fr\/#website\",\"url\":\"https:\/\/www.verescence.com\/fr\/\",\"name\":\"Verescence\",\"description\":\"Made of glass and passion\",\"potentialAction\":[{\"@type\":\"SearchAction\",\"target\":{\"@type\":\"EntryPoint\",\"urlTemplate\":\"https:\/\/www.verescence.com\/fr\/?s={search_term_string}\"},\"query-input\":{\"@type\":\"PropertyValueSpecification\",\"valueRequired\":true,\"valueName\":\"search_term_string\"}}],\"inLanguage\":\"fr-FR\"}]}<\/script>\n<!-- \/ Yoast SEO plugin. -->","yoast_head_json":{"title":"Formation Emballeur-Trieur D\u00e9butant | Verescence","description":"Formation Emballeur-Trieur D\u00e9butant de Verescence : apprenez \u00e0 d\u00e9tecter les d\u00e9fauts sur les flacons en verre gr\u00e2ce \u00e0 un programme complet de 35 heures, anim\u00e9 par des experts. Acqu\u00e9rez les comp\u00e9tences n\u00e9cessaires pour effectuer le tri et l\u2019emballage selon les crit\u00e8res d\u00e9finis.","robots":{"index":"index","follow":"follow","max-snippet":"max-snippet:-1","max-image-preview":"max-image-preview:large","max-video-preview":"max-video-preview:-1"},"canonical":"https:\/\/www.verescence.com\/fr\/formation-emballeur-trieur-debutant\/","og_locale":"fr_FR","og_type":"article","og_title":"Formation Emballeur-Trieur D\u00e9butant | Verescence","og_description":"Formation Emballeur-Trieur D\u00e9butant de Verescence : apprenez \u00e0 d\u00e9tecter les d\u00e9fauts sur les flacons en verre gr\u00e2ce \u00e0 un programme complet de 35 heures, anim\u00e9 par des experts. Acqu\u00e9rez les comp\u00e9tences n\u00e9cessaires pour effectuer le tri et l\u2019emballage selon les crit\u00e8res d\u00e9finis.","og_url":"https:\/\/www.verescence.com\/fr\/formation-emballeur-trieur-debutant\/","og_site_name":"Verescence","article_modified_time":"2025-03-04T16:36:15+00:00","twitter_card":"summary_large_image","schema":{"@context":"https:\/\/schema.org","@graph":[{"@type":"WebPage","@id":"https:\/\/www.verescence.com\/fr\/formation-emballeur-trieur-debutant\/","url":"https:\/\/www.verescence.com\/fr\/formation-emballeur-trieur-debutant\/","name":"Formation Emballeur-Trieur D\u00e9butant | Verescence","isPartOf":{"@id":"https:\/\/www.verescence.com\/fr\/#website"},"datePublished":"2025-01-17T14:20:16+00:00","dateModified":"2025-03-04T16:36:15+00:00","description":"Formation Emballeur-Trieur D\u00e9butant de Verescence : apprenez \u00e0 d\u00e9tecter les d\u00e9fauts sur les flacons en verre gr\u00e2ce \u00e0 un programme complet de 35 heures, anim\u00e9 par des experts. Acqu\u00e9rez les comp\u00e9tences n\u00e9cessaires pour effectuer le tri et l\u2019emballage selon les crit\u00e8res d\u00e9finis.","breadcrumb":{"@id":"https:\/\/www.verescence.com\/fr\/formation-emballeur-trieur-debutant\/#breadcrumb"},"inLanguage":"fr-FR","potentialAction":[{"@type":"ReadAction","target":["https:\/\/www.verescence.com\/fr\/formation-emballeur-trieur-debutant\/"]}]},{"@type":"BreadcrumbList","@id":"https:\/\/www.verescence.com\/fr\/formation-emballeur-trieur-debutant\/#breadcrumb","itemListElement":[{"@type":"ListItem","position":1,"name":"Accueil","item":"https:\/\/www.verescence.com\/fr\/"},{"@type":"ListItem","position":2,"name":"Formation Emballeur-Trieur D\u00e9butant"}]},{"@type":"WebSite","@id":"https:\/\/www.verescence.com\/fr\/#website","url":"https:\/\/www.verescence.com\/fr\/","name":"Verescence","description":"Made of glass and passion","potentialAction":[{"@type":"SearchAction","target":{"@type":"EntryPoint","urlTemplate":"https:\/\/www.verescence.com\/fr\/?s={search_term_string}"},"query-input":{"@type":"PropertyValueSpecification","valueRequired":true,"valueName":"search_term_string"}}],"inLanguage":"fr-FR"}]}},"_links":{"self":[{"href":"https:\/\/www.verescence.com\/fr\/wp-json\/wp\/v2\/pages\/5823","targetHints":{"allow":["GET"]}}],"collection":[{"href":"https:\/\/www.verescence.com\/fr\/wp-json\/wp\/v2\/pages"}],"about":[{"href":"https:\/\/www.verescence.com\/fr\/wp-json\/wp\/v2\/types\/page"}],"author":[{"embeddable":true,"href":"https:\/\/www.verescence.com\/fr\/wp-json\/wp\/v2\/users\/7"}],"replies":[{"embeddable":true,"href":"https:\/\/www.verescence.com\/fr\/wp-json\/wp\/v2\/comments?post=5823"}],"version-history":[{"count":16,"href":"https:\/\/www.verescence.com\/fr\/wp-json\/wp\/v2\/pages\/5823\/revisions"}],"predecessor-version":[{"id":5857,"href":"https:\/\/www.verescence.com\/fr\/wp-json\/wp\/v2\/pages\/5823\/revisions\/5857"}],"wp:attachment":[{"href":"https:\/\/www.verescence.com\/fr\/wp-json\/wp\/v2\/media?parent=5823"}],"curies":[{"name":"wp","href":"https:\/\/api.w.org\/{rel}","templated":true}]}}