{"id":684,"date":"2024-07-10T16:12:36","date_gmt":"2024-07-10T14:12:36","guid":{"rendered":"https:\/\/verescence.preprod8.lonsdale.fr\/?page_id=684"},"modified":"2026-03-25T19:08:15","modified_gmt":"2026-03-25T18:08:15","slug":"groupe","status":"publish","type":"page","link":"https:\/\/www.verescence.com\/fr\/groupe\/","title":{"rendered":"Notre groupe"},"content":{"rendered":"","protected":false},"excerpt":{"rendered":"","protected":false},"author":1,"featured_media":0,"parent":0,"menu_order":0,"comment_status":"closed","ping_status":"closed","template":"","meta":{"_acf_changed":false},"class_list":["post-684","page","type-page","status-publish","hentry"],"acf":[],"yoast_head":"<!-- This site is optimized with the Yoast SEO plugin v27.2 - https:\/\/yoast.com\/product\/yoast-seo-wordpress\/ -->\n<title>Notre groupe | Verescence<\/title>\n<meta name=\"description\" content=\"Leader mondial du flaconnage pour la Parfumerie et la Cosm\u00e9tique, nous cr\u00e9ons des flacons d&#039;exception pour les plus grandes marques \u00e0 travers le monde.\" \/>\n<meta name=\"robots\" content=\"index, follow, max-snippet:-1, max-image-preview:large, max-video-preview:-1\" \/>\n<link rel=\"canonical\" href=\"https:\/\/www.verescence.com\/fr\/groupe\/\" \/>\n<meta property=\"og:locale\" content=\"fr_FR\" \/>\n<meta property=\"og:type\" content=\"article\" \/>\n<meta property=\"og:title\" content=\"Notre groupe | Verescence\" \/>\n<meta property=\"og:description\" content=\"Leader mondial du flaconnage pour la Parfumerie et la Cosm\u00e9tique, nous cr\u00e9ons des flacons d&#039;exception pour les plus grandes marques \u00e0 travers le monde.\" \/>\n<meta property=\"og:url\" content=\"https:\/\/www.verescence.com\/fr\/groupe\/\" \/>\n<meta property=\"og:site_name\" content=\"Verescence\" \/>\n<meta property=\"article:modified_time\" content=\"2026-03-25T18:08:15+00:00\" \/>\n<meta name=\"twitter:card\" content=\"summary_large_image\" \/>\n<script type=\"application\/ld+json\" class=\"yoast-schema-graph\">{\"@context\":\"https:\/\/schema.org\",\"@graph\":[{\"@type\":\"WebPage\",\"@id\":\"https:\/\/www.verescence.com\/fr\/groupe\/\",\"url\":\"https:\/\/www.verescence.com\/fr\/groupe\/\",\"name\":\"Notre groupe | Verescence\",\"isPartOf\":{\"@id\":\"https:\/\/www.verescence.com\/fr\/#website\"},\"datePublished\":\"2024-07-10T14:12:36+00:00\",\"dateModified\":\"2026-03-25T18:08:15+00:00\",\"description\":\"Leader mondial du flaconnage pour la Parfumerie et la Cosm\u00e9tique, nous cr\u00e9ons des flacons d'exception pour les plus grandes marques \u00e0 travers le monde.\",\"breadcrumb\":{\"@id\":\"https:\/\/www.verescence.com\/fr\/groupe\/#breadcrumb\"},\"inLanguage\":\"fr-FR\",\"potentialAction\":[{\"@type\":\"ReadAction\",\"target\":[\"https:\/\/www.verescence.com\/fr\/groupe\/\"]}]},{\"@type\":\"BreadcrumbList\",\"@id\":\"https:\/\/www.verescence.com\/fr\/groupe\/#breadcrumb\",\"itemListElement\":[{\"@type\":\"ListItem\",\"position\":1,\"name\":\"Accueil\",\"item\":\"https:\/\/www.verescence.com\/fr\/\"},{\"@type\":\"ListItem\",\"position\":2,\"name\":\"Notre groupe\"}]},{\"@type\":\"WebSite\",\"@id\":\"https:\/\/www.verescence.com\/fr\/#website\",\"url\":\"https:\/\/www.verescence.com\/fr\/\",\"name\":\"Verescence\",\"description\":\"Made of glass and passion\",\"potentialAction\":[{\"@type\":\"SearchAction\",\"target\":{\"@type\":\"EntryPoint\",\"urlTemplate\":\"https:\/\/www.verescence.com\/fr\/?s={search_term_string}\"},\"query-input\":{\"@type\":\"PropertyValueSpecification\",\"valueRequired\":true,\"valueName\":\"search_term_string\"}}],\"inLanguage\":\"fr-FR\"}]}<\/script>\n<!-- \/ Yoast SEO plugin. -->","yoast_head_json":{"title":"Notre groupe | Verescence","description":"Leader mondial du flaconnage pour la Parfumerie et la Cosm\u00e9tique, nous cr\u00e9ons des flacons d'exception pour les plus grandes marques \u00e0 travers le monde.","robots":{"index":"index","follow":"follow","max-snippet":"max-snippet:-1","max-image-preview":"max-image-preview:large","max-video-preview":"max-video-preview:-1"},"canonical":"https:\/\/www.verescence.com\/fr\/groupe\/","og_locale":"fr_FR","og_type":"article","og_title":"Notre groupe | Verescence","og_description":"Leader mondial du flaconnage pour la Parfumerie et la Cosm\u00e9tique, nous cr\u00e9ons des flacons d'exception pour les plus grandes marques \u00e0 travers le monde.","og_url":"https:\/\/www.verescence.com\/fr\/groupe\/","og_site_name":"Verescence","article_modified_time":"2026-03-25T18:08:15+00:00","twitter_card":"summary_large_image","schema":{"@context":"https:\/\/schema.org","@graph":[{"@type":"WebPage","@id":"https:\/\/www.verescence.com\/fr\/groupe\/","url":"https:\/\/www.verescence.com\/fr\/groupe\/","name":"Notre groupe | Verescence","isPartOf":{"@id":"https:\/\/www.verescence.com\/fr\/#website"},"datePublished":"2024-07-10T14:12:36+00:00","dateModified":"2026-03-25T18:08:15+00:00","description":"Leader mondial du flaconnage pour la Parfumerie et la Cosm\u00e9tique, nous cr\u00e9ons des flacons d'exception pour les plus grandes marques \u00e0 travers le monde.","breadcrumb":{"@id":"https:\/\/www.verescence.com\/fr\/groupe\/#breadcrumb"},"inLanguage":"fr-FR","potentialAction":[{"@type":"ReadAction","target":["https:\/\/www.verescence.com\/fr\/groupe\/"]}]},{"@type":"BreadcrumbList","@id":"https:\/\/www.verescence.com\/fr\/groupe\/#breadcrumb","itemListElement":[{"@type":"ListItem","position":1,"name":"Accueil","item":"https:\/\/www.verescence.com\/fr\/"},{"@type":"ListItem","position":2,"name":"Notre groupe"}]},{"@type":"WebSite","@id":"https:\/\/www.verescence.com\/fr\/#website","url":"https:\/\/www.verescence.com\/fr\/","name":"Verescence","description":"Made of glass and passion","potentialAction":[{"@type":"SearchAction","target":{"@type":"EntryPoint","urlTemplate":"https:\/\/www.verescence.com\/fr\/?s={search_term_string}"},"query-input":{"@type":"PropertyValueSpecification","valueRequired":true,"valueName":"search_term_string"}}],"inLanguage":"fr-FR"}]}},"_links":{"self":[{"href":"https:\/\/www.verescence.com\/fr\/wp-json\/wp\/v2\/pages\/684","targetHints":{"allow":["GET"]}}],"collection":[{"href":"https:\/\/www.verescence.com\/fr\/wp-json\/wp\/v2\/pages"}],"about":[{"href":"https:\/\/www.verescence.com\/fr\/wp-json\/wp\/v2\/types\/page"}],"author":[{"embeddable":true,"href":"https:\/\/www.verescence.com\/fr\/wp-json\/wp\/v2\/users\/1"}],"replies":[{"embeddable":true,"href":"https:\/\/www.verescence.com\/fr\/wp-json\/wp\/v2\/comments?post=684"}],"version-history":[{"count":130,"href":"https:\/\/www.verescence.com\/fr\/wp-json\/wp\/v2\/pages\/684\/revisions"}],"predecessor-version":[{"id":10444,"href":"https:\/\/www.verescence.com\/fr\/wp-json\/wp\/v2\/pages\/684\/revisions\/10444"}],"wp:attachment":[{"href":"https:\/\/www.verescence.com\/fr\/wp-json\/wp\/v2\/media?parent=684"}],"curies":[{"name":"wp","href":"https:\/\/api.w.org\/{rel}","templated":true}]}}