{"id":2014,"date":"2024-09-23T09:57:17","date_gmt":"2024-09-23T07:57:17","guid":{"rendered":"https:\/\/verescence.preprod8.lonsdale.fr\/product\/alma\/"},"modified":"2025-10-17T17:57:38","modified_gmt":"2025-10-17T15:57:38","slug":"alma","status":"publish","type":"product","link":"https:\/\/www.verescence.com\/fr\/catalogue\/alma\/","title":{"rendered":"ALMA"},"featured_media":0,"parent":0,"menu_order":0,"template":"","taxo_category_product":[15],"taxo_form_product":[20],"taxo_section_product":[22],"taxo_ecoconception_product":[],"taxo_ringtype_product":[75],"taxo_madein_product":[35],"taxo_dispo_product":[34],"taxo_tag_product":[],"class_list":["post-2014","product","type-product","status-publish","hentry","taxo_category_product-soin","taxo_form_product-flacon","taxo_section_product-ronde","taxo_ringtype_product-gcmi","taxo_madein_product-south-korea","taxo_dispo_product-sur-commande"],"acf":[],"yoast_head":"<!-- This site is optimized with the Yoast SEO plugin v27.2 - https:\/\/yoast.com\/product\/yoast-seo-wordpress\/ -->\n<title>Flacon en verre ALMA | Verescence<\/title>\n<meta name=\"description\" content=\"Flacon rond en verre Alma pour s\u00e9rums et huiles, fabriqu\u00e9 avec 20\u202f% de verre recycl\u00e9. Personnalisez-le pour allier \u00e9l\u00e9gance et durabilit\u00e9.\" \/>\n<meta name=\"robots\" content=\"index, follow, max-snippet:-1, max-image-preview:large, max-video-preview:-1\" \/>\n<link rel=\"canonical\" href=\"https:\/\/www.verescence.com\/fr\/catalogue\/alma\/\" \/>\n<meta property=\"og:locale\" content=\"fr_FR\" \/>\n<meta property=\"og:type\" content=\"article\" \/>\n<meta property=\"og:title\" content=\"Flacon en verre ALMA | Verescence\" \/>\n<meta property=\"og:description\" content=\"Flacon rond en verre Alma pour s\u00e9rums et huiles, fabriqu\u00e9 avec 20\u202f% de verre recycl\u00e9. Personnalisez-le pour allier \u00e9l\u00e9gance et durabilit\u00e9.\" \/>\n<meta property=\"og:url\" content=\"https:\/\/www.verescence.com\/fr\/catalogue\/alma\/\" \/>\n<meta property=\"og:site_name\" content=\"Verescence\" \/>\n<meta property=\"article:modified_time\" content=\"2025-10-17T15:57:38+00:00\" \/>\n<meta name=\"twitter:card\" content=\"summary_large_image\" \/>\n<script type=\"application\/ld+json\" class=\"yoast-schema-graph\">{\"@context\":\"https:\/\/schema.org\",\"@graph\":[{\"@type\":\"WebPage\",\"@id\":\"https:\/\/www.verescence.com\/fr\/catalogue\/alma\/\",\"url\":\"https:\/\/www.verescence.com\/fr\/catalogue\/alma\/\",\"name\":\"Flacon en verre ALMA | Verescence\",\"isPartOf\":{\"@id\":\"https:\/\/www.verescence.com\/fr\/#website\"},\"datePublished\":\"2024-09-23T07:57:17+00:00\",\"dateModified\":\"2025-10-17T15:57:38+00:00\",\"description\":\"Flacon rond en verre Alma pour s\u00e9rums et huiles, fabriqu\u00e9 avec 20\u202f% de verre recycl\u00e9. Personnalisez-le pour allier \u00e9l\u00e9gance et durabilit\u00e9.\",\"breadcrumb\":{\"@id\":\"https:\/\/www.verescence.com\/fr\/catalogue\/alma\/#breadcrumb\"},\"inLanguage\":\"fr-FR\",\"potentialAction\":[{\"@type\":\"ReadAction\",\"target\":[\"https:\/\/www.verescence.com\/fr\/catalogue\/alma\/\"]}]},{\"@type\":\"BreadcrumbList\",\"@id\":\"https:\/\/www.verescence.com\/fr\/catalogue\/alma\/#breadcrumb\",\"itemListElement\":[{\"@type\":\"ListItem\",\"position\":1,\"name\":\"Accueil\",\"item\":\"https:\/\/www.verescence.com\/fr\/\"},{\"@type\":\"ListItem\",\"position\":2,\"name\":\"Produits\",\"item\":\"https:\/\/www.verescence.com\/fr\/catalogue\/\"},{\"@type\":\"ListItem\",\"position\":3,\"name\":\"ALMA\"}]},{\"@type\":\"WebSite\",\"@id\":\"https:\/\/www.verescence.com\/fr\/#website\",\"url\":\"https:\/\/www.verescence.com\/fr\/\",\"name\":\"Verescence\",\"description\":\"Made of glass and passion\",\"potentialAction\":[{\"@type\":\"SearchAction\",\"target\":{\"@type\":\"EntryPoint\",\"urlTemplate\":\"https:\/\/www.verescence.com\/fr\/?s={search_term_string}\"},\"query-input\":{\"@type\":\"PropertyValueSpecification\",\"valueRequired\":true,\"valueName\":\"search_term_string\"}}],\"inLanguage\":\"fr-FR\"}]}<\/script>\n<!-- \/ Yoast SEO plugin. -->","yoast_head_json":{"title":"Flacon en verre ALMA | Verescence","description":"Flacon rond en verre Alma pour s\u00e9rums et huiles, fabriqu\u00e9 avec 20\u202f% de verre recycl\u00e9. Personnalisez-le pour allier \u00e9l\u00e9gance et durabilit\u00e9.","robots":{"index":"index","follow":"follow","max-snippet":"max-snippet:-1","max-image-preview":"max-image-preview:large","max-video-preview":"max-video-preview:-1"},"canonical":"https:\/\/www.verescence.com\/fr\/catalogue\/alma\/","og_locale":"fr_FR","og_type":"article","og_title":"Flacon en verre ALMA | Verescence","og_description":"Flacon rond en verre Alma pour s\u00e9rums et huiles, fabriqu\u00e9 avec 20\u202f% de verre recycl\u00e9. Personnalisez-le pour allier \u00e9l\u00e9gance et durabilit\u00e9.","og_url":"https:\/\/www.verescence.com\/fr\/catalogue\/alma\/","og_site_name":"Verescence","article_modified_time":"2025-10-17T15:57:38+00:00","twitter_card":"summary_large_image","schema":{"@context":"https:\/\/schema.org","@graph":[{"@type":"WebPage","@id":"https:\/\/www.verescence.com\/fr\/catalogue\/alma\/","url":"https:\/\/www.verescence.com\/fr\/catalogue\/alma\/","name":"Flacon en verre ALMA | Verescence","isPartOf":{"@id":"https:\/\/www.verescence.com\/fr\/#website"},"datePublished":"2024-09-23T07:57:17+00:00","dateModified":"2025-10-17T15:57:38+00:00","description":"Flacon rond en verre Alma pour s\u00e9rums et huiles, fabriqu\u00e9 avec 20\u202f% de verre recycl\u00e9. Personnalisez-le pour allier \u00e9l\u00e9gance et durabilit\u00e9.","breadcrumb":{"@id":"https:\/\/www.verescence.com\/fr\/catalogue\/alma\/#breadcrumb"},"inLanguage":"fr-FR","potentialAction":[{"@type":"ReadAction","target":["https:\/\/www.verescence.com\/fr\/catalogue\/alma\/"]}]},{"@type":"BreadcrumbList","@id":"https:\/\/www.verescence.com\/fr\/catalogue\/alma\/#breadcrumb","itemListElement":[{"@type":"ListItem","position":1,"name":"Accueil","item":"https:\/\/www.verescence.com\/fr\/"},{"@type":"ListItem","position":2,"name":"Produits","item":"https:\/\/www.verescence.com\/fr\/catalogue\/"},{"@type":"ListItem","position":3,"name":"ALMA"}]},{"@type":"WebSite","@id":"https:\/\/www.verescence.com\/fr\/#website","url":"https:\/\/www.verescence.com\/fr\/","name":"Verescence","description":"Made of glass and passion","potentialAction":[{"@type":"SearchAction","target":{"@type":"EntryPoint","urlTemplate":"https:\/\/www.verescence.com\/fr\/?s={search_term_string}"},"query-input":{"@type":"PropertyValueSpecification","valueRequired":true,"valueName":"search_term_string"}}],"inLanguage":"fr-FR"}]}},"_links":{"self":[{"href":"https:\/\/www.verescence.com\/fr\/wp-json\/wp\/v2\/product\/2014","targetHints":{"allow":["GET"]}}],"collection":[{"href":"https:\/\/www.verescence.com\/fr\/wp-json\/wp\/v2\/product"}],"about":[{"href":"https:\/\/www.verescence.com\/fr\/wp-json\/wp\/v2\/types\/product"}],"version-history":[{"count":2,"href":"https:\/\/www.verescence.com\/fr\/wp-json\/wp\/v2\/product\/2014\/revisions"}],"predecessor-version":[{"id":3332,"href":"https:\/\/www.verescence.com\/fr\/wp-json\/wp\/v2\/product\/2014\/revisions\/3332"}],"wp:attachment":[{"href":"https:\/\/www.verescence.com\/fr\/wp-json\/wp\/v2\/media?parent=2014"}],"wp:term":[{"taxonomy":"taxo_category_product","embeddable":true,"href":"https:\/\/www.verescence.com\/fr\/wp-json\/wp\/v2\/taxo_category_product?post=2014"},{"taxonomy":"taxo_form_product","embeddable":true,"href":"https:\/\/www.verescence.com\/fr\/wp-json\/wp\/v2\/taxo_form_product?post=2014"},{"taxonomy":"taxo_section_product","embeddable":true,"href":"https:\/\/www.verescence.com\/fr\/wp-json\/wp\/v2\/taxo_section_product?post=2014"},{"taxonomy":"taxo_ecoconception_product","embeddable":true,"href":"https:\/\/www.verescence.com\/fr\/wp-json\/wp\/v2\/taxo_ecoconception_product?post=2014"},{"taxonomy":"taxo_ringtype_product","embeddable":true,"href":"https:\/\/www.verescence.com\/fr\/wp-json\/wp\/v2\/taxo_ringtype_product?post=2014"},{"taxonomy":"taxo_madein_product","embeddable":true,"href":"https:\/\/www.verescence.com\/fr\/wp-json\/wp\/v2\/taxo_madein_product?post=2014"},{"taxonomy":"taxo_dispo_product","embeddable":true,"href":"https:\/\/www.verescence.com\/fr\/wp-json\/wp\/v2\/taxo_dispo_product?post=2014"},{"taxonomy":"taxo_tag_product","embeddable":true,"href":"https:\/\/www.verescence.com\/fr\/wp-json\/wp\/v2\/taxo_tag_product?post=2014"}],"curies":[{"name":"wp","href":"https:\/\/api.w.org\/{rel}","templated":true}]}}