{"id":2037,"date":"2024-09-23T10:10:12","date_gmt":"2024-09-23T08:10:12","guid":{"rendered":"https:\/\/verescence.preprod8.lonsdale.fr\/product\/astree\/"},"modified":"2025-10-17T18:04:26","modified_gmt":"2025-10-17T16:04:26","slug":"astree","status":"publish","type":"product","link":"https:\/\/www.verescence.com\/fr\/catalogue\/astree\/","title":{"rendered":"ASTR\u00c9E"},"featured_media":0,"parent":0,"menu_order":0,"template":"","taxo_category_product":[14],"taxo_form_product":[20],"taxo_section_product":[25],"taxo_ecoconception_product":[190],"taxo_ringtype_product":[74],"taxo_madein_product":[37],"taxo_dispo_product":[34],"taxo_tag_product":[],"class_list":["post-2037","product","type-product","status-publish","hentry","taxo_category_product-parfum","taxo_form_product-flacon","taxo_section_product-mixte","taxo_ecoconception_product-verre-allege","taxo_ringtype_product-fea-bague-a-sertir","taxo_madein_product-espagne","taxo_dispo_product-sur-commande"],"acf":[],"yoast_head":"<!-- This site is optimized with the Yoast SEO plugin v27.2 - https:\/\/yoast.com\/product\/yoast-seo-wordpress\/ -->\n<title>Flacon en verre ASTR\u00c9E | Verescence<\/title>\n<meta name=\"description\" content=\"Astr\u00e9e, flacon en verre standard rond pour parfums. Design \u00e9l\u00e9gant, qualit\u00e9 premium, 20\u202f% de verre recycl\u00e9. Personnalisez-le pour sublimer votre marque.\" \/>\n<meta name=\"robots\" content=\"index, follow, max-snippet:-1, max-image-preview:large, max-video-preview:-1\" \/>\n<link rel=\"canonical\" href=\"https:\/\/www.verescence.com\/fr\/catalogue\/astree\/\" \/>\n<meta property=\"og:locale\" content=\"fr_FR\" \/>\n<meta property=\"og:type\" content=\"article\" \/>\n<meta property=\"og:title\" content=\"Flacon en verre ASTR\u00c9E | Verescence\" \/>\n<meta property=\"og:description\" content=\"Astr\u00e9e, flacon en verre standard rond pour parfums. Design \u00e9l\u00e9gant, qualit\u00e9 premium, 20\u202f% de verre recycl\u00e9. Personnalisez-le pour sublimer votre marque.\" \/>\n<meta property=\"og:url\" content=\"https:\/\/www.verescence.com\/fr\/catalogue\/astree\/\" \/>\n<meta property=\"og:site_name\" content=\"Verescence\" \/>\n<meta property=\"article:modified_time\" content=\"2025-10-17T16:04:26+00:00\" \/>\n<meta name=\"twitter:card\" content=\"summary_large_image\" \/>\n<script type=\"application\/ld+json\" class=\"yoast-schema-graph\">{\"@context\":\"https:\/\/schema.org\",\"@graph\":[{\"@type\":\"WebPage\",\"@id\":\"https:\/\/www.verescence.com\/fr\/catalogue\/astree\/\",\"url\":\"https:\/\/www.verescence.com\/fr\/catalogue\/astree\/\",\"name\":\"Flacon en verre ASTR\u00c9E | Verescence\",\"isPartOf\":{\"@id\":\"https:\/\/www.verescence.com\/fr\/#website\"},\"datePublished\":\"2024-09-23T08:10:12+00:00\",\"dateModified\":\"2025-10-17T16:04:26+00:00\",\"description\":\"Astr\u00e9e, flacon en verre standard rond pour parfums. Design \u00e9l\u00e9gant, qualit\u00e9 premium, 20\u202f% de verre recycl\u00e9. Personnalisez-le pour sublimer votre marque.\",\"breadcrumb\":{\"@id\":\"https:\/\/www.verescence.com\/fr\/catalogue\/astree\/#breadcrumb\"},\"inLanguage\":\"fr-FR\",\"potentialAction\":[{\"@type\":\"ReadAction\",\"target\":[\"https:\/\/www.verescence.com\/fr\/catalogue\/astree\/\"]}]},{\"@type\":\"BreadcrumbList\",\"@id\":\"https:\/\/www.verescence.com\/fr\/catalogue\/astree\/#breadcrumb\",\"itemListElement\":[{\"@type\":\"ListItem\",\"position\":1,\"name\":\"Accueil\",\"item\":\"https:\/\/www.verescence.com\/fr\/\"},{\"@type\":\"ListItem\",\"position\":2,\"name\":\"Produits\",\"item\":\"https:\/\/www.verescence.com\/fr\/catalogue\/\"},{\"@type\":\"ListItem\",\"position\":3,\"name\":\"ASTR\u00c9E\"}]},{\"@type\":\"WebSite\",\"@id\":\"https:\/\/www.verescence.com\/fr\/#website\",\"url\":\"https:\/\/www.verescence.com\/fr\/\",\"name\":\"Verescence\",\"description\":\"Made of glass and passion\",\"potentialAction\":[{\"@type\":\"SearchAction\",\"target\":{\"@type\":\"EntryPoint\",\"urlTemplate\":\"https:\/\/www.verescence.com\/fr\/?s={search_term_string}\"},\"query-input\":{\"@type\":\"PropertyValueSpecification\",\"valueRequired\":true,\"valueName\":\"search_term_string\"}}],\"inLanguage\":\"fr-FR\"}]}<\/script>\n<!-- \/ Yoast SEO plugin. -->","yoast_head_json":{"title":"Flacon en verre ASTR\u00c9E | Verescence","description":"Astr\u00e9e, flacon en verre standard rond pour parfums. Design \u00e9l\u00e9gant, qualit\u00e9 premium, 20\u202f% de verre recycl\u00e9. Personnalisez-le pour sublimer votre marque.","robots":{"index":"index","follow":"follow","max-snippet":"max-snippet:-1","max-image-preview":"max-image-preview:large","max-video-preview":"max-video-preview:-1"},"canonical":"https:\/\/www.verescence.com\/fr\/catalogue\/astree\/","og_locale":"fr_FR","og_type":"article","og_title":"Flacon en verre ASTR\u00c9E | Verescence","og_description":"Astr\u00e9e, flacon en verre standard rond pour parfums. Design \u00e9l\u00e9gant, qualit\u00e9 premium, 20\u202f% de verre recycl\u00e9. Personnalisez-le pour sublimer votre marque.","og_url":"https:\/\/www.verescence.com\/fr\/catalogue\/astree\/","og_site_name":"Verescence","article_modified_time":"2025-10-17T16:04:26+00:00","twitter_card":"summary_large_image","schema":{"@context":"https:\/\/schema.org","@graph":[{"@type":"WebPage","@id":"https:\/\/www.verescence.com\/fr\/catalogue\/astree\/","url":"https:\/\/www.verescence.com\/fr\/catalogue\/astree\/","name":"Flacon en verre ASTR\u00c9E | Verescence","isPartOf":{"@id":"https:\/\/www.verescence.com\/fr\/#website"},"datePublished":"2024-09-23T08:10:12+00:00","dateModified":"2025-10-17T16:04:26+00:00","description":"Astr\u00e9e, flacon en verre standard rond pour parfums. Design \u00e9l\u00e9gant, qualit\u00e9 premium, 20\u202f% de verre recycl\u00e9. Personnalisez-le pour sublimer votre marque.","breadcrumb":{"@id":"https:\/\/www.verescence.com\/fr\/catalogue\/astree\/#breadcrumb"},"inLanguage":"fr-FR","potentialAction":[{"@type":"ReadAction","target":["https:\/\/www.verescence.com\/fr\/catalogue\/astree\/"]}]},{"@type":"BreadcrumbList","@id":"https:\/\/www.verescence.com\/fr\/catalogue\/astree\/#breadcrumb","itemListElement":[{"@type":"ListItem","position":1,"name":"Accueil","item":"https:\/\/www.verescence.com\/fr\/"},{"@type":"ListItem","position":2,"name":"Produits","item":"https:\/\/www.verescence.com\/fr\/catalogue\/"},{"@type":"ListItem","position":3,"name":"ASTR\u00c9E"}]},{"@type":"WebSite","@id":"https:\/\/www.verescence.com\/fr\/#website","url":"https:\/\/www.verescence.com\/fr\/","name":"Verescence","description":"Made of glass and passion","potentialAction":[{"@type":"SearchAction","target":{"@type":"EntryPoint","urlTemplate":"https:\/\/www.verescence.com\/fr\/?s={search_term_string}"},"query-input":{"@type":"PropertyValueSpecification","valueRequired":true,"valueName":"search_term_string"}}],"inLanguage":"fr-FR"}]}},"_links":{"self":[{"href":"https:\/\/www.verescence.com\/fr\/wp-json\/wp\/v2\/product\/2037","targetHints":{"allow":["GET"]}}],"collection":[{"href":"https:\/\/www.verescence.com\/fr\/wp-json\/wp\/v2\/product"}],"about":[{"href":"https:\/\/www.verescence.com\/fr\/wp-json\/wp\/v2\/types\/product"}],"version-history":[{"count":2,"href":"https:\/\/www.verescence.com\/fr\/wp-json\/wp\/v2\/product\/2037\/revisions"}],"predecessor-version":[{"id":7320,"href":"https:\/\/www.verescence.com\/fr\/wp-json\/wp\/v2\/product\/2037\/revisions\/7320"}],"wp:attachment":[{"href":"https:\/\/www.verescence.com\/fr\/wp-json\/wp\/v2\/media?parent=2037"}],"wp:term":[{"taxonomy":"taxo_category_product","embeddable":true,"href":"https:\/\/www.verescence.com\/fr\/wp-json\/wp\/v2\/taxo_category_product?post=2037"},{"taxonomy":"taxo_form_product","embeddable":true,"href":"https:\/\/www.verescence.com\/fr\/wp-json\/wp\/v2\/taxo_form_product?post=2037"},{"taxonomy":"taxo_section_product","embeddable":true,"href":"https:\/\/www.verescence.com\/fr\/wp-json\/wp\/v2\/taxo_section_product?post=2037"},{"taxonomy":"taxo_ecoconception_product","embeddable":true,"href":"https:\/\/www.verescence.com\/fr\/wp-json\/wp\/v2\/taxo_ecoconception_product?post=2037"},{"taxonomy":"taxo_ringtype_product","embeddable":true,"href":"https:\/\/www.verescence.com\/fr\/wp-json\/wp\/v2\/taxo_ringtype_product?post=2037"},{"taxonomy":"taxo_madein_product","embeddable":true,"href":"https:\/\/www.verescence.com\/fr\/wp-json\/wp\/v2\/taxo_madein_product?post=2037"},{"taxonomy":"taxo_dispo_product","embeddable":true,"href":"https:\/\/www.verescence.com\/fr\/wp-json\/wp\/v2\/taxo_dispo_product?post=2037"},{"taxonomy":"taxo_tag_product","embeddable":true,"href":"https:\/\/www.verescence.com\/fr\/wp-json\/wp\/v2\/taxo_tag_product?post=2037"}],"curies":[{"name":"wp","href":"https:\/\/api.w.org\/{rel}","templated":true}]}}